{"id":161,"date":"2025-12-15T21:59:44","date_gmt":"2025-12-15T21:59:44","guid":{"rendered":"https:\/\/nuke.estaciondiseno.es\/?page_id=161"},"modified":"2026-04-07T10:49:47","modified_gmt":"2026-04-07T10:49:47","slug":"aboutnukestrikeweb","status":"publish","type":"page","link":"https:\/\/nuke.estaciondiseno.es\/index.php\/aboutnukestrikeweb\/","title":{"rendered":"aboutnukestrikeweb"},"content":{"rendered":"\t\t<div data-elementor-type=\"wp-page\" data-elementor-id=\"161\" class=\"elementor elementor-161\" data-elementor-post-type=\"page\">\n\t\t\t\t<div class=\"elementor-element elementor-element-08ac560 e-flex e-con-boxed e-con e-parent\" data-id=\"08ac560\" data-element_type=\"container\">\n\t\t\t\t\t<div class=\"e-con-inner\">\n\t\t\t\t<div class=\"elementor-element elementor-element-d5ea2d6 elementor-widget__width-initial elementor-widget-mobile__width-initial elementor-invisible elementor-widget elementor-widget-image\" data-id=\"d5ea2d6\" data-element_type=\"widget\" data-settings=\"{&quot;_animation&quot;:&quot;fadeInRight&quot;}\" data-widget_type=\"image.default\">\n\t\t\t\t\t\t\t\t\t\t\t\t\t\t\t<img fetchpriority=\"high\" decoding=\"async\" width=\"790\" height=\"484\" src=\"https:\/\/nuke.estaciondiseno.es\/wp-content\/uploads\/2026\/03\/IMG_2050-1024x628.jpg\" class=\"attachment-large size-large wp-image-255\" alt=\"\" srcset=\"https:\/\/nuke.estaciondiseno.es\/wp-content\/uploads\/2026\/03\/IMG_2050-1024x628.jpg 1024w, https:\/\/nuke.estaciondiseno.es\/wp-content\/uploads\/2026\/03\/IMG_2050-300x184.jpg 300w, https:\/\/nuke.estaciondiseno.es\/wp-content\/uploads\/2026\/03\/IMG_2050-768x471.jpg 768w, https:\/\/nuke.estaciondiseno.es\/wp-content\/uploads\/2026\/03\/IMG_2050-1536x942.jpg 1536w, https:\/\/nuke.estaciondiseno.es\/wp-content\/uploads\/2026\/03\/IMG_2050-2048x1256.jpg 2048w\" sizes=\"(max-width: 790px) 100vw, 790px\" \/>\t\t\t\t\t\t\t\t\t\t\t\t\t\t\t<\/div>\n\t\t<div class=\"elementor-element elementor-element-6ad06ad e-con-full e-flex e-con e-child\" data-id=\"6ad06ad\" data-element_type=\"container\">\n\t\t\t\t<div class=\"elementor-element elementor-element-13ec108 elementor-widget elementor-widget-text-editor\" data-id=\"13ec108\" data-element_type=\"widget\" data-widget_type=\"text-editor.default\">\n\t\t\t\t\t\t\t\t\t<p><strong><em>\u00a1Hola! Soy Nuke, ilustrador junior apasionado por crear criaturas, personajes y monstruos. Me encanta dar vida a ideas originales y trabajar en todo tipo de proyectos, desde ilustraciones para libros o cuentos hasta dise\u00f1os de personaje y encargos m\u00e1s variados en general.<\/em><\/strong><\/p><p><strong><em>Cada trabajo lo realizo con creatividad y atenci\u00f3n al detalle, manteniendo mi estilo siempre que puedo, pero adapt\u00e1ndome a lo que requiere cada encargo. Busco que mi arte cuente una historia y conecte con quien lo vea sin pasar desapercibido .<\/em><\/strong><\/p><p><strong><em>En el apartado home puedes ver ejemplos de lo que he hecho hasta ahora.<\/em><\/strong><\/p>\t\t\t\t\t\t\t\t<\/div>\n\t\t\t\t<\/div>\n\t\t\t\t\t<\/div>\n\t\t\t\t<\/div>\n\t\t\t\t<\/div>\n\t\t","protected":false},"excerpt":{"rendered":"<p>\u00a1Hola! Soy Nuke, ilustrador junior apasionado por crear criaturas, personajes y monstruos. Me encanta dar vida a ideas originales y trabajar en todo tipo de proyectos, desde ilustraciones para libros o cuentos hasta dise\u00f1os de personaje y encargos m\u00e1s variados en general. Cada trabajo lo realizo con creatividad y atenci\u00f3n&#8230;<\/p>\n","protected":false},"author":1,"featured_media":0,"parent":0,"menu_order":0,"comment_status":"closed","ping_status":"closed","template":"","meta":{"footnotes":""},"class_list":["post-161","page","type-page","status-publish","hentry"],"yoast_head":"<!-- This site is optimized with the Yoast SEO plugin v26.4 - https:\/\/yoast.com\/wordpress\/plugins\/seo\/ -->\n<title>aboutnukestrikeweb -<\/title>\n<meta name=\"robots\" content=\"index, follow, max-snippet:-1, max-image-preview:large, max-video-preview:-1\" \/>\n<link rel=\"canonical\" href=\"https:\/\/nuke.estaciondiseno.es\/index.php\/aboutnukestrikeweb\/\" \/>\n<meta property=\"og:locale\" content=\"es_ES\" \/>\n<meta property=\"og:type\" content=\"article\" \/>\n<meta property=\"og:title\" content=\"aboutnukestrikeweb -\" \/>\n<meta property=\"og:description\" content=\"\u00a1Hola! Soy Nuke, ilustrador junior apasionado por crear criaturas, personajes y monstruos. Me encanta dar vida a ideas originales y trabajar en todo tipo de proyectos, desde ilustraciones para libros o cuentos hasta dise\u00f1os de personaje y encargos m\u00e1s variados en general. Cada trabajo lo realizo con creatividad y atenci\u00f3n...\" \/>\n<meta property=\"og:url\" content=\"https:\/\/nuke.estaciondiseno.es\/index.php\/aboutnukestrikeweb\/\" \/>\n<meta property=\"article:modified_time\" content=\"2026-04-07T10:49:47+00:00\" \/>\n<meta property=\"og:image\" content=\"https:\/\/nuke.estaciondiseno.es\/wp-content\/uploads\/2026\/03\/IMG_2050-scaled.jpg\" \/>\n\t<meta property=\"og:image:width\" content=\"2560\" \/>\n\t<meta property=\"og:image:height\" content=\"1570\" \/>\n\t<meta property=\"og:image:type\" content=\"image\/jpeg\" \/>\n<meta name=\"twitter:card\" content=\"summary_large_image\" \/>\n<meta name=\"twitter:label1\" content=\"Tiempo de lectura\" \/>\n\t<meta name=\"twitter:data1\" content=\"1 minuto\" \/>\n<script type=\"application\/ld+json\" class=\"yoast-schema-graph\">{\"@context\":\"https:\/\/schema.org\",\"@graph\":[{\"@type\":\"WebPage\",\"@id\":\"https:\/\/nuke.estaciondiseno.es\/index.php\/aboutnukestrikeweb\/\",\"url\":\"https:\/\/nuke.estaciondiseno.es\/index.php\/aboutnukestrikeweb\/\",\"name\":\"aboutnukestrikeweb -\",\"isPartOf\":{\"@id\":\"https:\/\/nuke.estaciondiseno.es\/#website\"},\"primaryImageOfPage\":{\"@id\":\"https:\/\/nuke.estaciondiseno.es\/index.php\/aboutnukestrikeweb\/#primaryimage\"},\"image\":{\"@id\":\"https:\/\/nuke.estaciondiseno.es\/index.php\/aboutnukestrikeweb\/#primaryimage\"},\"thumbnailUrl\":\"https:\/\/nuke.estaciondiseno.es\/wp-content\/uploads\/2026\/03\/IMG_2050-1024x628.jpg\",\"datePublished\":\"2025-12-15T21:59:44+00:00\",\"dateModified\":\"2026-04-07T10:49:47+00:00\",\"breadcrumb\":{\"@id\":\"https:\/\/nuke.estaciondiseno.es\/index.php\/aboutnukestrikeweb\/#breadcrumb\"},\"inLanguage\":\"es\",\"potentialAction\":[{\"@type\":\"ReadAction\",\"target\":[\"https:\/\/nuke.estaciondiseno.es\/index.php\/aboutnukestrikeweb\/\"]}]},{\"@type\":\"ImageObject\",\"inLanguage\":\"es\",\"@id\":\"https:\/\/nuke.estaciondiseno.es\/index.php\/aboutnukestrikeweb\/#primaryimage\",\"url\":\"https:\/\/nuke.estaciondiseno.es\/wp-content\/uploads\/2026\/03\/IMG_2050-scaled.jpg\",\"contentUrl\":\"https:\/\/nuke.estaciondiseno.es\/wp-content\/uploads\/2026\/03\/IMG_2050-scaled.jpg\",\"width\":2560,\"height\":1570},{\"@type\":\"BreadcrumbList\",\"@id\":\"https:\/\/nuke.estaciondiseno.es\/index.php\/aboutnukestrikeweb\/#breadcrumb\",\"itemListElement\":[{\"@type\":\"ListItem\",\"position\":1,\"name\":\"Portada\",\"item\":\"https:\/\/nuke.estaciondiseno.es\/\"},{\"@type\":\"ListItem\",\"position\":2,\"name\":\"aboutnukestrikeweb\"}]},{\"@type\":\"WebSite\",\"@id\":\"https:\/\/nuke.estaciondiseno.es\/#website\",\"url\":\"https:\/\/nuke.estaciondiseno.es\/\",\"name\":\"\",\"description\":\"\",\"potentialAction\":[{\"@type\":\"SearchAction\",\"target\":{\"@type\":\"EntryPoint\",\"urlTemplate\":\"https:\/\/nuke.estaciondiseno.es\/?s={search_term_string}\"},\"query-input\":{\"@type\":\"PropertyValueSpecification\",\"valueRequired\":true,\"valueName\":\"search_term_string\"}}],\"inLanguage\":\"es\"}]}<\/script>\n<!-- \/ Yoast SEO plugin. -->","yoast_head_json":{"title":"aboutnukestrikeweb -","robots":{"index":"index","follow":"follow","max-snippet":"max-snippet:-1","max-image-preview":"max-image-preview:large","max-video-preview":"max-video-preview:-1"},"canonical":"https:\/\/nuke.estaciondiseno.es\/index.php\/aboutnukestrikeweb\/","og_locale":"es_ES","og_type":"article","og_title":"aboutnukestrikeweb -","og_description":"\u00a1Hola! Soy Nuke, ilustrador junior apasionado por crear criaturas, personajes y monstruos. Me encanta dar vida a ideas originales y trabajar en todo tipo de proyectos, desde ilustraciones para libros o cuentos hasta dise\u00f1os de personaje y encargos m\u00e1s variados en general. Cada trabajo lo realizo con creatividad y atenci\u00f3n...","og_url":"https:\/\/nuke.estaciondiseno.es\/index.php\/aboutnukestrikeweb\/","article_modified_time":"2026-04-07T10:49:47+00:00","og_image":[{"width":2560,"height":1570,"url":"https:\/\/nuke.estaciondiseno.es\/wp-content\/uploads\/2026\/03\/IMG_2050-scaled.jpg","type":"image\/jpeg"}],"twitter_card":"summary_large_image","twitter_misc":{"Tiempo de lectura":"1 minuto"},"schema":{"@context":"https:\/\/schema.org","@graph":[{"@type":"WebPage","@id":"https:\/\/nuke.estaciondiseno.es\/index.php\/aboutnukestrikeweb\/","url":"https:\/\/nuke.estaciondiseno.es\/index.php\/aboutnukestrikeweb\/","name":"aboutnukestrikeweb -","isPartOf":{"@id":"https:\/\/nuke.estaciondiseno.es\/#website"},"primaryImageOfPage":{"@id":"https:\/\/nuke.estaciondiseno.es\/index.php\/aboutnukestrikeweb\/#primaryimage"},"image":{"@id":"https:\/\/nuke.estaciondiseno.es\/index.php\/aboutnukestrikeweb\/#primaryimage"},"thumbnailUrl":"https:\/\/nuke.estaciondiseno.es\/wp-content\/uploads\/2026\/03\/IMG_2050-1024x628.jpg","datePublished":"2025-12-15T21:59:44+00:00","dateModified":"2026-04-07T10:49:47+00:00","breadcrumb":{"@id":"https:\/\/nuke.estaciondiseno.es\/index.php\/aboutnukestrikeweb\/#breadcrumb"},"inLanguage":"es","potentialAction":[{"@type":"ReadAction","target":["https:\/\/nuke.estaciondiseno.es\/index.php\/aboutnukestrikeweb\/"]}]},{"@type":"ImageObject","inLanguage":"es","@id":"https:\/\/nuke.estaciondiseno.es\/index.php\/aboutnukestrikeweb\/#primaryimage","url":"https:\/\/nuke.estaciondiseno.es\/wp-content\/uploads\/2026\/03\/IMG_2050-scaled.jpg","contentUrl":"https:\/\/nuke.estaciondiseno.es\/wp-content\/uploads\/2026\/03\/IMG_2050-scaled.jpg","width":2560,"height":1570},{"@type":"BreadcrumbList","@id":"https:\/\/nuke.estaciondiseno.es\/index.php\/aboutnukestrikeweb\/#breadcrumb","itemListElement":[{"@type":"ListItem","position":1,"name":"Portada","item":"https:\/\/nuke.estaciondiseno.es\/"},{"@type":"ListItem","position":2,"name":"aboutnukestrikeweb"}]},{"@type":"WebSite","@id":"https:\/\/nuke.estaciondiseno.es\/#website","url":"https:\/\/nuke.estaciondiseno.es\/","name":"","description":"","potentialAction":[{"@type":"SearchAction","target":{"@type":"EntryPoint","urlTemplate":"https:\/\/nuke.estaciondiseno.es\/?s={search_term_string}"},"query-input":{"@type":"PropertyValueSpecification","valueRequired":true,"valueName":"search_term_string"}}],"inLanguage":"es"}]}},"_links":{"self":[{"href":"https:\/\/nuke.estaciondiseno.es\/index.php\/wp-json\/wp\/v2\/pages\/161","targetHints":{"allow":["GET"]}}],"collection":[{"href":"https:\/\/nuke.estaciondiseno.es\/index.php\/wp-json\/wp\/v2\/pages"}],"about":[{"href":"https:\/\/nuke.estaciondiseno.es\/index.php\/wp-json\/wp\/v2\/types\/page"}],"author":[{"embeddable":true,"href":"https:\/\/nuke.estaciondiseno.es\/index.php\/wp-json\/wp\/v2\/users\/1"}],"replies":[{"embeddable":true,"href":"https:\/\/nuke.estaciondiseno.es\/index.php\/wp-json\/wp\/v2\/comments?post=161"}],"version-history":[{"count":29,"href":"https:\/\/nuke.estaciondiseno.es\/index.php\/wp-json\/wp\/v2\/pages\/161\/revisions"}],"predecessor-version":[{"id":426,"href":"https:\/\/nuke.estaciondiseno.es\/index.php\/wp-json\/wp\/v2\/pages\/161\/revisions\/426"}],"wp:attachment":[{"href":"https:\/\/nuke.estaciondiseno.es\/index.php\/wp-json\/wp\/v2\/media?parent=161"}],"curies":[{"name":"wp","href":"https:\/\/api.w.org\/{rel}","templated":true}]}}